{"id":25701,"date":"2020-04-13T15:31:34","date_gmt":"2020-04-13T18:31:34","guid":{"rendered":"https:\/\/runeterra.org\/?page_id=25701"},"modified":"2024-12-19T18:05:30","modified_gmt":"2024-12-19T21:05:30","slug":"inicio","status":"publish","type":"page","link":"https:\/\/runarcana.org\/en\/","title":{"rendered":"Runarcana"},"content":{"rendered":"","protected":false},"excerpt":{"rendered":"","protected":false},"author":7,"featured_media":26533,"parent":0,"menu_order":0,"comment_status":"closed","ping_status":"closed","template":"home-runarcana","meta":{"_eb_attr":"","_uag_custom_page_level_css":"","advgb_blocks_editor_width":"","advgb_blocks_columns_visual_guide":"","footnotes":""},"class_list":["post-25701","page","type-page","status-publish","has-post-thumbnail","hentry"],"featured_image_url":{"thumbnail":"https:\/\/runarcana.org\/wp-content\/uploads\/2021\/01\/MockUp-Livro-Aberto-Neutro-scaled.jpg","medium":"https:\/\/runarcana.org\/wp-content\/uploads\/2021\/01\/MockUp-Livro-Aberto-Neutro-scaled.jpg","medium_large":"https:\/\/runarcana.org\/wp-content\/uploads\/2021\/01\/MockUp-Livro-Aberto-Neutro-scaled.jpg","large":"https:\/\/runarcana.org\/wp-content\/uploads\/2021\/01\/MockUp-Livro-Aberto-Neutro-scaled.jpg","1536x1536":"https:\/\/runarcana.org\/wp-content\/uploads\/2021\/01\/MockUp-Livro-Aberto-Neutro-scaled.jpg","2048x2048":"https:\/\/runarcana.org\/wp-content\/uploads\/2021\/01\/MockUp-Livro-Aberto-Neutro-scaled.jpg","trp-custom-language-flag":"https:\/\/runarcana.org\/wp-content\/uploads\/2021\/01\/MockUp-Livro-Aberto-Neutro-scaled.jpg","awb_sm":"https:\/\/runarcana.org\/wp-content\/uploads\/2021\/01\/MockUp-Livro-Aberto-Neutro-scaled.jpg","awb_md":"https:\/\/runarcana.org\/wp-content\/uploads\/2021\/01\/MockUp-Livro-Aberto-Neutro-scaled.jpg","awb_lg":"https:\/\/runarcana.org\/wp-content\/uploads\/2021\/01\/MockUp-Livro-Aberto-Neutro-scaled.jpg","awb_xl":"https:\/\/runarcana.org\/wp-content\/uploads\/2021\/01\/MockUp-Livro-Aberto-Neutro-scaled.jpg"},"post_author":"Gabriel Gastaldo","assigned_categories":"","yoast_head":"<!-- This site is optimized with the Yoast SEO plugin v27.4 - https:\/\/yoast.com\/product\/yoast-seo-wordpress\/ -->\n<title>Runarcana<\/title>\n<meta name=\"description\" content=\"Descubra o Runarcana, um sistema de RPG de mesa criado pela comunidade e para a comunidade, inspirado no universo de Runeterra, do League of Legends. Explore aventuras \u00e9picas e mergulhe na fantasia desse mundo incr\u00edvel. Crie hist\u00f3rias inesquec\u00edveis com amigos e transforme sua imagina\u00e7\u00e3o em realidade!\" \/>\n<meta name=\"robots\" content=\"index, follow, max-snippet:-1, max-image-preview:large, max-video-preview:-1\" \/>\n<link rel=\"canonical\" href=\"https:\/\/runarcana.org\/en\/\" \/>\n<meta property=\"og:locale\" content=\"en_US\" \/>\n<meta property=\"og:type\" content=\"article\" \/>\n<meta property=\"og:title\" content=\"Runarcana RPG\" \/>\n<meta property=\"og:description\" content=\"Aventuras de RPG no mundo de League of Legends\" \/>\n<meta property=\"og:url\" content=\"https:\/\/runarcana.org\/en\/\" \/>\n<meta property=\"og:site_name\" content=\"Runarcana\" \/>\n<meta property=\"article:publisher\" content=\"https:\/\/www.facebook.com\/groups\/runarcana\" \/>\n<meta property=\"article:modified_time\" content=\"2024-12-19T21:05:30+00:00\" \/>\n<meta property=\"og:image\" content=\"https:\/\/runarcana.org\/wp-content\/uploads\/2021\/01\/MockUp-Livro-Aberto-Neutro-scaled.jpg\" \/>\n\t<meta property=\"og:image:width\" content=\"3000\" \/>\n\t<meta property=\"og:image:height\" content=\"1600\" \/>\n\t<meta property=\"og:image:type\" content=\"image\/jpeg\" \/>\n<meta name=\"twitter:card\" content=\"summary_large_image\" \/>\n<meta name=\"twitter:title\" content=\"Runarcana RPG\" \/>\n<meta name=\"twitter:description\" content=\"Aventuras de RPG no mundo de League of Legends\" \/>\n<meta name=\"twitter:image\" content=\"https:\/\/runarcana.org\/wp-content\/uploads\/2021\/01\/MockUp-Livro-Aberto-Neutro-scaled.jpg\" \/>\n<meta name=\"twitter:site\" content=\"@runarcana\" \/>\n<meta name=\"twitter:label1\" content=\"Est. reading time\" \/>\n\t<meta name=\"twitter:data1\" content=\"1 minute\" \/>\n<script type=\"application\/ld+json\" class=\"yoast-schema-graph\">{\"@context\":\"https:\\\/\\\/schema.org\",\"@graph\":[{\"@type\":\"WebPage\",\"@id\":\"https:\\\/\\\/runarcana.org\\\/\",\"url\":\"https:\\\/\\\/runarcana.org\\\/\",\"name\":\"Runarcana\",\"isPartOf\":{\"@id\":\"https:\\\/\\\/runarcana.org\\\/#website\"},\"primaryImageOfPage\":{\"@id\":\"https:\\\/\\\/runarcana.org\\\/#primaryimage\"},\"image\":{\"@id\":\"https:\\\/\\\/runarcana.org\\\/#primaryimage\"},\"thumbnailUrl\":\"https:\\\/\\\/runarcana.org\\\/wp-content\\\/uploads\\\/2021\\\/01\\\/MockUp-Livro-Aberto-Neutro-scaled.jpg\",\"datePublished\":\"2020-04-13T18:31:34+00:00\",\"dateModified\":\"2024-12-19T21:05:30+00:00\",\"description\":\"Descubra o Runarcana, um sistema de RPG de mesa criado pela comunidade e para a comunidade, inspirado no universo de Runeterra, do League of Legends. Explore aventuras \u00e9picas e mergulhe na fantasia desse mundo incr\u00edvel. Crie hist\u00f3rias inesquec\u00edveis com amigos e transforme sua imagina\u00e7\u00e3o em realidade!\",\"breadcrumb\":{\"@id\":\"https:\\\/\\\/runarcana.org\\\/#breadcrumb\"},\"inLanguage\":\"en-US\",\"potentialAction\":[{\"@type\":\"ReadAction\",\"target\":[\"https:\\\/\\\/runarcana.org\\\/\"]}]},{\"@type\":\"ImageObject\",\"inLanguage\":\"en-US\",\"@id\":\"https:\\\/\\\/runarcana.org\\\/#primaryimage\",\"url\":\"https:\\\/\\\/runarcana.org\\\/wp-content\\\/uploads\\\/2021\\\/01\\\/MockUp-Livro-Aberto-Neutro-scaled.jpg\",\"contentUrl\":\"https:\\\/\\\/runarcana.org\\\/wp-content\\\/uploads\\\/2021\\\/01\\\/MockUp-Livro-Aberto-Neutro-scaled.jpg\",\"width\":3000,\"height\":1600},{\"@type\":\"BreadcrumbList\",\"@id\":\"https:\\\/\\\/runarcana.org\\\/#breadcrumb\",\"itemListElement\":[{\"@type\":\"ListItem\",\"position\":1,\"name\":\"In\u00edcio\",\"item\":\"https:\\\/\\\/runarcana.org\\\/\"},{\"@type\":\"ListItem\",\"position\":2,\"name\":\"Runarcana\"}]},{\"@type\":\"WebSite\",\"@id\":\"https:\\\/\\\/runarcana.org\\\/#website\",\"url\":\"https:\\\/\\\/runarcana.org\\\/\",\"name\":\"Runarcana\",\"description\":\"Aventuras de RPG no mundo de League of Legends\",\"publisher\":{\"@id\":\"https:\\\/\\\/runarcana.org\\\/#organization\"},\"potentialAction\":[{\"@type\":\"SearchAction\",\"target\":{\"@type\":\"EntryPoint\",\"urlTemplate\":\"https:\\\/\\\/runarcana.org\\\/?s={search_term_string}\"},\"query-input\":{\"@type\":\"PropertyValueSpecification\",\"valueRequired\":true,\"valueName\":\"search_term_string\"}}],\"inLanguage\":\"en-US\"},{\"@type\":\"Organization\",\"@id\":\"https:\\\/\\\/runarcana.org\\\/#organization\",\"name\":\"Runarcana\",\"url\":\"https:\\\/\\\/runarcana.org\\\/\",\"logo\":{\"@type\":\"ImageObject\",\"inLanguage\":\"en-US\",\"@id\":\"https:\\\/\\\/runarcana.org\\\/#\\\/schema\\\/logo\\\/image\\\/\",\"url\":\"https:\\\/\\\/i0.wp.com\\\/runarcana.org\\\/wp-content\\\/uploads\\\/2020\\\/04\\\/Logo_Simbolo_Dourado_Complex.png?fit=1491%2C889&ssl=1\",\"contentUrl\":\"https:\\\/\\\/i0.wp.com\\\/runarcana.org\\\/wp-content\\\/uploads\\\/2020\\\/04\\\/Logo_Simbolo_Dourado_Complex.png?fit=1491%2C889&ssl=1\",\"width\":1491,\"height\":889,\"caption\":\"Runarcana\"},\"image\":{\"@id\":\"https:\\\/\\\/runarcana.org\\\/#\\\/schema\\\/logo\\\/image\\\/\"},\"sameAs\":[\"https:\\\/\\\/www.facebook.com\\\/groups\\\/runarcana\",\"https:\\\/\\\/x.com\\\/runarcana\",\"https:\\\/\\\/www.instagram.com\\\/runarcana\",\"https:\\\/\\\/www.linkedin.com\\\/company\\\/43287180\"]}]}<\/script>\n<!-- \/ Yoast SEO plugin. -->","yoast_head_json":{"title":"Runarcana","description":"Discover Runarcana, a tabletop RPG system created by the community, for the community, inspired by the universe of Runeterra from League of Legends. Embark on epic adventures and dive into the fantasy of this incredible world. Create unforgettable stories with friends and bring your imagination to life!","robots":{"index":"index","follow":"follow","max-snippet":"max-snippet:-1","max-image-preview":"max-image-preview:large","max-video-preview":"max-video-preview:-1"},"canonical":"https:\/\/runarcana.org\/en\/","og_locale":"en_US","og_type":"article","og_title":"Runarcana RPG","og_description":"Aventuras de RPG no mundo de League of Legends","og_url":"https:\/\/runarcana.org\/en\/","og_site_name":"Runarcana","article_publisher":"https:\/\/www.facebook.com\/groups\/runarcana","article_modified_time":"2024-12-19T21:05:30+00:00","og_image":[{"width":3000,"height":1600,"url":"https:\/\/runarcana.org\/wp-content\/uploads\/2021\/01\/MockUp-Livro-Aberto-Neutro-scaled.jpg","type":"image\/jpeg"}],"twitter_card":"summary_large_image","twitter_title":"Runarcana RPG","twitter_description":"Aventuras de RPG no mundo de League of Legends","twitter_image":"https:\/\/runarcana.org\/wp-content\/uploads\/2021\/01\/MockUp-Livro-Aberto-Neutro-scaled.jpg","twitter_site":"@runarcana","twitter_misc":{"Est. reading time":"1 minute"},"schema":{"@context":"https:\/\/schema.org","@graph":[{"@type":"WebPage","@id":"https:\/\/runarcana.org\/","url":"https:\/\/runarcana.org\/","name":"Runarcana","isPartOf":{"@id":"https:\/\/runarcana.org\/#website"},"primaryImageOfPage":{"@id":"https:\/\/runarcana.org\/#primaryimage"},"image":{"@id":"https:\/\/runarcana.org\/#primaryimage"},"thumbnailUrl":"https:\/\/runarcana.org\/wp-content\/uploads\/2021\/01\/MockUp-Livro-Aberto-Neutro-scaled.jpg","datePublished":"2020-04-13T18:31:34+00:00","dateModified":"2024-12-19T21:05:30+00:00","description":"Discover Runarcana, a tabletop RPG system created by the community, for the community, inspired by the universe of Runeterra from League of Legends. Embark on epic adventures and dive into the fantasy of this incredible world. Create unforgettable stories with friends and bring your imagination to life!","breadcrumb":{"@id":"https:\/\/runarcana.org\/#breadcrumb"},"inLanguage":"en-US","potentialAction":[{"@type":"ReadAction","target":["https:\/\/runarcana.org\/"]}]},{"@type":"ImageObject","inLanguage":"en-US","@id":"https:\/\/runarcana.org\/#primaryimage","url":"https:\/\/runarcana.org\/wp-content\/uploads\/2021\/01\/MockUp-Livro-Aberto-Neutro-scaled.jpg","contentUrl":"https:\/\/runarcana.org\/wp-content\/uploads\/2021\/01\/MockUp-Livro-Aberto-Neutro-scaled.jpg","width":3000,"height":1600},{"@type":"BreadcrumbList","@id":"https:\/\/runarcana.org\/#breadcrumb","itemListElement":[{"@type":"ListItem","position":1,"name":"In\u00edcio","item":"https:\/\/runarcana.org\/"},{"@type":"ListItem","position":2,"name":"Runarcana"}]},{"@type":"WebSite","@id":"https:\/\/runarcana.org\/#website","url":"https:\/\/runarcana.org\/","name":"Runarcana","description":"RPG Adventures in the World of League of Legends","publisher":{"@id":"https:\/\/runarcana.org\/#organization"},"potentialAction":[{"@type":"SearchAction","target":{"@type":"EntryPoint","urlTemplate":"https:\/\/runarcana.org\/?s={search_term_string}"},"query-input":{"@type":"PropertyValueSpecification","valueRequired":true,"valueName":"search_term_string"}}],"inLanguage":"en-US"},{"@type":"Organization","@id":"https:\/\/runarcana.org\/#organization","name":"Runarcana","url":"https:\/\/runarcana.org\/","logo":{"@type":"ImageObject","inLanguage":"en-US","@id":"https:\/\/runarcana.org\/#\/schema\/logo\/image\/","url":"https:\/\/i0.wp.com\/runarcana.org\/wp-content\/uploads\/2020\/04\/Logo_Simbolo_Dourado_Complex.png?fit=1491%2C889&ssl=1","contentUrl":"https:\/\/i0.wp.com\/runarcana.org\/wp-content\/uploads\/2020\/04\/Logo_Simbolo_Dourado_Complex.png?fit=1491%2C889&ssl=1","width":1491,"height":889,"caption":"Runarcana"},"image":{"@id":"https:\/\/runarcana.org\/#\/schema\/logo\/image\/"},"sameAs":["https:\/\/www.facebook.com\/groups\/runarcana","https:\/\/x.com\/runarcana","https:\/\/www.instagram.com\/runarcana","https:\/\/www.linkedin.com\/company\/43287180"]}]}},"uagb_featured_image_src":{"full":["https:\/\/runarcana.org\/wp-content\/uploads\/2021\/01\/MockUp-Livro-Aberto-Neutro-scaled.jpg",3000,1600,false],"thumbnail":["https:\/\/runarcana.org\/wp-content\/uploads\/2021\/01\/MockUp-Livro-Aberto-Neutro-scaled.jpg",150,80,false],"medium":["https:\/\/runarcana.org\/wp-content\/uploads\/2021\/01\/MockUp-Livro-Aberto-Neutro-scaled.jpg",300,160,false],"medium_large":["https:\/\/runarcana.org\/wp-content\/uploads\/2021\/01\/MockUp-Livro-Aberto-Neutro-scaled.jpg",768,410,false],"large":["https:\/\/runarcana.org\/wp-content\/uploads\/2021\/01\/MockUp-Livro-Aberto-Neutro-scaled.jpg",1024,546,false],"1536x1536":["https:\/\/runarcana.org\/wp-content\/uploads\/2021\/01\/MockUp-Livro-Aberto-Neutro-scaled.jpg",1536,819,false],"2048x2048":["https:\/\/runarcana.org\/wp-content\/uploads\/2021\/01\/MockUp-Livro-Aberto-Neutro-scaled.jpg",2048,1092,false],"trp-custom-language-flag":["https:\/\/runarcana.org\/wp-content\/uploads\/2021\/01\/MockUp-Livro-Aberto-Neutro-scaled.jpg",18,10,false],"awb_sm":["https:\/\/runarcana.org\/wp-content\/uploads\/2021\/01\/MockUp-Livro-Aberto-Neutro-scaled.jpg",500,267,false],"awb_md":["https:\/\/runarcana.org\/wp-content\/uploads\/2021\/01\/MockUp-Livro-Aberto-Neutro-scaled.jpg",800,427,false],"awb_lg":["https:\/\/runarcana.org\/wp-content\/uploads\/2021\/01\/MockUp-Livro-Aberto-Neutro-scaled.jpg",1280,683,false],"awb_xl":["https:\/\/runarcana.org\/wp-content\/uploads\/2021\/01\/MockUp-Livro-Aberto-Neutro-scaled.jpg",1920,1024,false]},"uagb_author_info":{"display_name":"Arddhu","author_link":"https:\/\/runarcana.org\/en\/author\/arddhu\/"},"uagb_comment_info":0,"uagb_excerpt":null,"coauthors":[],"author_meta":{"author_link":"https:\/\/runarcana.org\/en\/author\/arddhu\/","display_name":"Arddhu"},"relative_dates":{"created":"Posted 6 years ago","modified":"Updated 1 year ago"},"absolute_dates":{"created":"Posted on 13 de April de 2020","modified":"Updated on 19 de December de 2024"},"absolute_dates_time":{"created":"Posted on 13 de April de 2020 15:31","modified":"Updated on 19 de December de 2024 18:05"},"featured_img_caption":"","featured_img":"https:\/\/runarcana.org\/wp-content\/uploads\/2021\/01\/MockUp-Livro-Aberto-Neutro-scaled.jpg","series_order":"","_links":{"self":[{"href":"https:\/\/runarcana.org\/en\/wp-json\/wp\/v2\/pages\/25701","targetHints":{"allow":["GET"]}}],"collection":[{"href":"https:\/\/runarcana.org\/en\/wp-json\/wp\/v2\/pages"}],"about":[{"href":"https:\/\/runarcana.org\/en\/wp-json\/wp\/v2\/types\/page"}],"author":[{"embeddable":true,"href":"https:\/\/runarcana.org\/en\/wp-json\/wp\/v2\/users\/7"}],"replies":[{"embeddable":true,"href":"https:\/\/runarcana.org\/en\/wp-json\/wp\/v2\/comments?post=25701"}],"version-history":[{"count":251,"href":"https:\/\/runarcana.org\/en\/wp-json\/wp\/v2\/pages\/25701\/revisions"}],"predecessor-version":[{"id":27965,"href":"https:\/\/runarcana.org\/en\/wp-json\/wp\/v2\/pages\/25701\/revisions\/27965"}],"wp:featuredmedia":[{"embeddable":true,"href":"https:\/\/runarcana.org\/en\/wp-json\/wp\/v2\/media\/26533"}],"wp:attachment":[{"href":"https:\/\/runarcana.org\/en\/wp-json\/wp\/v2\/media?parent=25701"}],"curies":[{"name":"wp","href":"https:\/\/api.w.org\/{rel}","templated":true}]}}