{"id":78,"date":"2019-11-12T18:31:52","date_gmt":"2019-11-12T20:31:52","guid":{"rendered":"http:\/\/runeterra.org\/?page_id=78"},"modified":"2021-02-28T21:20:23","modified_gmt":"2021-03-01T00:20:23","slug":"sobre","status":"publish","type":"page","link":"https:\/\/runarcana.org\/en\/sobre\/","title":{"rendered":"About"},"content":{"rendered":"<p><\/p>\n\n\n\n<h2 class=\"has-text-align-center wp-block-heading\"><span class=\"ez-toc-section\" id=\"Licenciado_pela_Riot_Games\"><\/span><strong>Licensed by Riot Games<\/strong><span class=\"ez-toc-section-end\"><\/span><\/h2>\n\n\n\n<p><\/p>\n\n\n\n<p class=\"has-text-align-center\">Runarcana is a product <strong>created by fans<\/strong>, for fans, following the \u201c<a href=\"https:\/\/www.riotgames.com\/en\/legal\" target=\"_blank\" rel=\"noreferrer noopener\">Legal Jibber Jabber<\/a>\u201dBy Riot Games with resources belonging to Riot Games. <\/p>\n\n\n\n<p><\/p>\n\n\n\n<p class=\"has-text-align-center\"><strong>Riot Games does not endorse or sponsor this project.<\/strong><\/p>\n\n\n\n<p><\/p>\n<div id=\"ez-toc-container\" class=\"ez-toc-v2_0_82_2 counter-hierarchy ez-toc-counter ez-toc-grey ez-toc-container-direction\">\n<div class=\"ez-toc-title-container\">\n<p class=\"ez-toc-title ez-toc-toggle\" style=\"cursor:pointer\">Table of Contents<\/p>\n<span class=\"ez-toc-title-toggle\"><a href=\"#\" class=\"ez-toc-pull-right ez-toc-btn ez-toc-btn-xs ez-toc-btn-default ez-toc-toggle\" aria-label=\"Toggle Table of Content\"><span class=\"ez-toc-js-icon-con\"><span class=\"\"><span class=\"eztoc-hide\" style=\"display:none;\">Toggle<\/span><span class=\"ez-toc-icon-toggle-span\"><svg style=\"fill: #999;color:#999\" xmlns=\"http:\/\/www.w3.org\/2000\/svg\" class=\"list-377408\" width=\"20px\" height=\"20px\" viewbox=\"0 0 24 24\" fill=\"none\"><path d=\"M6 6H4v2h2V6zm14 0H8v2h12V6zM4 11h2v2H4v-2zm16 0H8v2h12v-2zM4 16h2v2H4v-2zm16 0H8v2h12v-2z\" fill=\"currentColor\"><\/path><\/svg><svg style=\"fill: #999;color:#999\" class=\"arrow-unsorted-368013\" xmlns=\"http:\/\/www.w3.org\/2000\/svg\" width=\"10px\" height=\"10px\" viewbox=\"0 0 24 24\" version=\"1.2\" baseprofile=\"tiny\"><path d=\"M18.2 9.3l-6.2-6.3-6.2 6.3c-.2.2-.3.4-.3.7s.1.5.3.7c.2.2.4.3.7.3h11c.3 0 .5-.1.7-.3.2-.2.3-.5.3-.7s-.1-.5-.3-.7zM5.8 14.7l6.2 6.3 6.2-6.3c.2-.2.3-.5.3-.7s-.1-.5-.3-.7c-.2-.2-.4-.3-.7-.3h-11c-.3 0-.5.1-.7.3-.2.2-.3.5-.3.7s.1.5.3.7z\"\/><\/svg><\/span><\/span><\/span><\/a><\/span><\/div>\n<nav><ul class='ez-toc-list ez-toc-list-level-1' ><li class='ez-toc-page-1 ez-toc-heading-level-1'><a class=\"ez-toc-link ez-toc-heading-1\" href=\"https:\/\/runarcana.org\/en\/sobre\/#Sobre\" >About<\/a><ul class='ez-toc-list-level-2' ><li class='ez-toc-heading-level-2'><a class=\"ez-toc-link ez-toc-heading-2\" href=\"https:\/\/runarcana.org\/en\/sobre\/#Licenciado_pela_Riot_Games\" >Licensed by Riot Games<\/a><\/li><\/ul><\/li><\/ul><\/nav><\/div>","protected":false},"excerpt":{"rendered":"<p>Licenciado pela Riot Games Runarcana \u00e9 um produto criado por f\u00e3s, para f\u00e3s, seguindo a pol\u00edtica do \u201cLenga-Lenga Jur\u00eddico\u201d da Riot Games com recursos pertencentes \u00e0 Riot Games. A Riot Games n\u00e3o endossa ou patrocina este projeto.<\/p>","protected":false},"author":7,"featured_media":26633,"parent":0,"menu_order":0,"comment_status":"closed","ping_status":"closed","template":"","meta":{"_eb_attr":"","_uag_custom_page_level_css":"","advgb_blocks_editor_width":"","advgb_blocks_columns_visual_guide":"","footnotes":""},"class_list":["post-78","page","type-page","status-publish","has-post-thumbnail","hentry"],"featured_image_url":{"thumbnail":"https:\/\/runarcana.org\/wp-content\/uploads\/2021\/02\/sobre-150x150.png","medium":"https:\/\/runarcana.org\/wp-content\/uploads\/2021\/02\/sobre-300x81.png","medium_large":"https:\/\/runarcana.org\/wp-content\/uploads\/2021\/02\/sobre-768x208.png","large":"https:\/\/runarcana.org\/wp-content\/uploads\/2021\/02\/sobre-1024x277.png","1536x1536":"https:\/\/runarcana.org\/wp-content\/uploads\/2021\/02\/sobre.png","2048x2048":"https:\/\/runarcana.org\/wp-content\/uploads\/2021\/02\/sobre.png","trp-custom-language-flag":"https:\/\/runarcana.org\/wp-content\/uploads\/2021\/02\/sobre.png","awb_sm":"https:\/\/runarcana.org\/wp-content\/uploads\/2021\/02\/sobre.png","awb_md":"https:\/\/runarcana.org\/wp-content\/uploads\/2021\/02\/sobre.png","awb_lg":"https:\/\/runarcana.org\/wp-content\/uploads\/2021\/02\/sobre.png","awb_xl":"https:\/\/runarcana.org\/wp-content\/uploads\/2021\/02\/sobre.png"},"post_author":"Gabriel Gastaldo","assigned_categories":"","yoast_head":"<!-- This site is optimized with the Yoast SEO plugin v27.4 - https:\/\/yoast.com\/product\/yoast-seo-wordpress\/ -->\n<title>Sobre &#8226; Runarcana<\/title>\n<meta name=\"robots\" content=\"index, follow, max-snippet:-1, max-image-preview:large, max-video-preview:-1\" \/>\n<link rel=\"canonical\" href=\"https:\/\/runarcana.org\/en\/sobre\/\" \/>\n<meta property=\"og:locale\" content=\"en_US\" \/>\n<meta property=\"og:type\" content=\"article\" \/>\n<meta property=\"og:title\" content=\"Sobre &#8226; Runarcana\" \/>\n<meta property=\"og:description\" content=\"Licenciado pela Riot Games Runarcana \u00e9 um produto criado por f\u00e3s, para f\u00e3s, seguindo a pol\u00edtica do \u201cLenga-Lenga Jur\u00eddico\u201d da Riot Games com recursos pertencentes \u00e0 Riot Games. A Riot Games n\u00e3o endossa ou patrocina este projeto.\" \/>\n<meta property=\"og:url\" content=\"https:\/\/runarcana.org\/en\/sobre\/\" \/>\n<meta property=\"og:site_name\" content=\"Runarcana\" \/>\n<meta property=\"article:publisher\" content=\"https:\/\/www.facebook.com\/groups\/runarcana\" \/>\n<meta property=\"article:modified_time\" content=\"2021-03-01T00:20:23+00:00\" \/>\n<meta property=\"og:image\" content=\"https:\/\/runarcana.org\/wp-content\/uploads\/2021\/02\/sobre.png\" \/>\n\t<meta property=\"og:image:width\" content=\"1920\" \/>\n\t<meta property=\"og:image:height\" content=\"520\" \/>\n\t<meta property=\"og:image:type\" content=\"image\/png\" \/>\n<meta name=\"twitter:card\" content=\"summary_large_image\" \/>\n<meta name=\"twitter:site\" content=\"@runarcana\" \/>\n<meta name=\"twitter:label1\" content=\"Est. reading time\" \/>\n\t<meta name=\"twitter:data1\" content=\"1 minute\" \/>\n<script type=\"application\/ld+json\" class=\"yoast-schema-graph\">{\"@context\":\"https:\\\/\\\/schema.org\",\"@graph\":[{\"@type\":\"WebPage\",\"@id\":\"https:\\\/\\\/runarcana.org\\\/sobre\\\/\",\"url\":\"https:\\\/\\\/runarcana.org\\\/sobre\\\/\",\"name\":\"Sobre &#8226; Runarcana\",\"isPartOf\":{\"@id\":\"https:\\\/\\\/runarcana.org\\\/#website\"},\"primaryImageOfPage\":{\"@id\":\"https:\\\/\\\/runarcana.org\\\/sobre\\\/#primaryimage\"},\"image\":{\"@id\":\"https:\\\/\\\/runarcana.org\\\/sobre\\\/#primaryimage\"},\"thumbnailUrl\":\"https:\\\/\\\/runarcana.org\\\/wp-content\\\/uploads\\\/2021\\\/02\\\/sobre.png\",\"datePublished\":\"2019-11-12T20:31:52+00:00\",\"dateModified\":\"2021-03-01T00:20:23+00:00\",\"breadcrumb\":{\"@id\":\"https:\\\/\\\/runarcana.org\\\/sobre\\\/#breadcrumb\"},\"inLanguage\":\"en-US\",\"potentialAction\":[{\"@type\":\"ReadAction\",\"target\":[\"https:\\\/\\\/runarcana.org\\\/sobre\\\/\"]}]},{\"@type\":\"ImageObject\",\"inLanguage\":\"en-US\",\"@id\":\"https:\\\/\\\/runarcana.org\\\/sobre\\\/#primaryimage\",\"url\":\"https:\\\/\\\/runarcana.org\\\/wp-content\\\/uploads\\\/2021\\\/02\\\/sobre.png\",\"contentUrl\":\"https:\\\/\\\/runarcana.org\\\/wp-content\\\/uploads\\\/2021\\\/02\\\/sobre.png\",\"width\":1920,\"height\":520},{\"@type\":\"BreadcrumbList\",\"@id\":\"https:\\\/\\\/runarcana.org\\\/sobre\\\/#breadcrumb\",\"itemListElement\":[{\"@type\":\"ListItem\",\"position\":1,\"name\":\"In\u00edcio\",\"item\":\"https:\\\/\\\/runarcana.org\\\/\"},{\"@type\":\"ListItem\",\"position\":2,\"name\":\"Sobre\"}]},{\"@type\":\"WebSite\",\"@id\":\"https:\\\/\\\/runarcana.org\\\/#website\",\"url\":\"https:\\\/\\\/runarcana.org\\\/\",\"name\":\"Runarcana\",\"description\":\"Aventuras de RPG no mundo de League of Legends\",\"publisher\":{\"@id\":\"https:\\\/\\\/runarcana.org\\\/#organization\"},\"potentialAction\":[{\"@type\":\"SearchAction\",\"target\":{\"@type\":\"EntryPoint\",\"urlTemplate\":\"https:\\\/\\\/runarcana.org\\\/?s={search_term_string}\"},\"query-input\":{\"@type\":\"PropertyValueSpecification\",\"valueRequired\":true,\"valueName\":\"search_term_string\"}}],\"inLanguage\":\"en-US\"},{\"@type\":\"Organization\",\"@id\":\"https:\\\/\\\/runarcana.org\\\/#organization\",\"name\":\"Runarcana\",\"url\":\"https:\\\/\\\/runarcana.org\\\/\",\"logo\":{\"@type\":\"ImageObject\",\"inLanguage\":\"en-US\",\"@id\":\"https:\\\/\\\/runarcana.org\\\/#\\\/schema\\\/logo\\\/image\\\/\",\"url\":\"https:\\\/\\\/i0.wp.com\\\/runarcana.org\\\/wp-content\\\/uploads\\\/2020\\\/04\\\/Logo_Simbolo_Dourado_Complex.png?fit=1491%2C889&ssl=1\",\"contentUrl\":\"https:\\\/\\\/i0.wp.com\\\/runarcana.org\\\/wp-content\\\/uploads\\\/2020\\\/04\\\/Logo_Simbolo_Dourado_Complex.png?fit=1491%2C889&ssl=1\",\"width\":1491,\"height\":889,\"caption\":\"Runarcana\"},\"image\":{\"@id\":\"https:\\\/\\\/runarcana.org\\\/#\\\/schema\\\/logo\\\/image\\\/\"},\"sameAs\":[\"https:\\\/\\\/www.facebook.com\\\/groups\\\/runarcana\",\"https:\\\/\\\/x.com\\\/runarcana\",\"https:\\\/\\\/www.instagram.com\\\/runarcana\",\"https:\\\/\\\/www.linkedin.com\\\/company\\\/43287180\"]}]}<\/script>\n<!-- \/ Yoast SEO plugin. -->","yoast_head_json":{"title":"Sobre &#8226; Runarcana","robots":{"index":"index","follow":"follow","max-snippet":"max-snippet:-1","max-image-preview":"max-image-preview:large","max-video-preview":"max-video-preview:-1"},"canonical":"https:\/\/runarcana.org\/en\/sobre\/","og_locale":"en_US","og_type":"article","og_title":"Sobre &#8226; Runarcana","og_description":"Licenciado pela Riot Games Runarcana \u00e9 um produto criado por f\u00e3s, para f\u00e3s, seguindo a pol\u00edtica do \u201cLenga-Lenga Jur\u00eddico\u201d da Riot Games com recursos pertencentes \u00e0 Riot Games. A Riot Games n\u00e3o endossa ou patrocina este projeto.","og_url":"https:\/\/runarcana.org\/en\/sobre\/","og_site_name":"Runarcana","article_publisher":"https:\/\/www.facebook.com\/groups\/runarcana","article_modified_time":"2021-03-01T00:20:23+00:00","og_image":[{"width":1920,"height":520,"url":"https:\/\/runarcana.org\/wp-content\/uploads\/2021\/02\/sobre.png","type":"image\/png"}],"twitter_card":"summary_large_image","twitter_site":"@runarcana","twitter_misc":{"Est. reading time":"1 minute"},"schema":{"@context":"https:\/\/schema.org","@graph":[{"@type":"WebPage","@id":"https:\/\/runarcana.org\/sobre\/","url":"https:\/\/runarcana.org\/sobre\/","name":"Sobre &#8226; Runarcana","isPartOf":{"@id":"https:\/\/runarcana.org\/#website"},"primaryImageOfPage":{"@id":"https:\/\/runarcana.org\/sobre\/#primaryimage"},"image":{"@id":"https:\/\/runarcana.org\/sobre\/#primaryimage"},"thumbnailUrl":"https:\/\/runarcana.org\/wp-content\/uploads\/2021\/02\/sobre.png","datePublished":"2019-11-12T20:31:52+00:00","dateModified":"2021-03-01T00:20:23+00:00","breadcrumb":{"@id":"https:\/\/runarcana.org\/sobre\/#breadcrumb"},"inLanguage":"en-US","potentialAction":[{"@type":"ReadAction","target":["https:\/\/runarcana.org\/sobre\/"]}]},{"@type":"ImageObject","inLanguage":"en-US","@id":"https:\/\/runarcana.org\/sobre\/#primaryimage","url":"https:\/\/runarcana.org\/wp-content\/uploads\/2021\/02\/sobre.png","contentUrl":"https:\/\/runarcana.org\/wp-content\/uploads\/2021\/02\/sobre.png","width":1920,"height":520},{"@type":"BreadcrumbList","@id":"https:\/\/runarcana.org\/sobre\/#breadcrumb","itemListElement":[{"@type":"ListItem","position":1,"name":"In\u00edcio","item":"https:\/\/runarcana.org\/"},{"@type":"ListItem","position":2,"name":"Sobre"}]},{"@type":"WebSite","@id":"https:\/\/runarcana.org\/#website","url":"https:\/\/runarcana.org\/","name":"Runarcana","description":"RPG Adventures in the World of League of Legends","publisher":{"@id":"https:\/\/runarcana.org\/#organization"},"potentialAction":[{"@type":"SearchAction","target":{"@type":"EntryPoint","urlTemplate":"https:\/\/runarcana.org\/?s={search_term_string}"},"query-input":{"@type":"PropertyValueSpecification","valueRequired":true,"valueName":"search_term_string"}}],"inLanguage":"en-US"},{"@type":"Organization","@id":"https:\/\/runarcana.org\/#organization","name":"Runarcana","url":"https:\/\/runarcana.org\/","logo":{"@type":"ImageObject","inLanguage":"en-US","@id":"https:\/\/runarcana.org\/#\/schema\/logo\/image\/","url":"https:\/\/i0.wp.com\/runarcana.org\/wp-content\/uploads\/2020\/04\/Logo_Simbolo_Dourado_Complex.png?fit=1491%2C889&ssl=1","contentUrl":"https:\/\/i0.wp.com\/runarcana.org\/wp-content\/uploads\/2020\/04\/Logo_Simbolo_Dourado_Complex.png?fit=1491%2C889&ssl=1","width":1491,"height":889,"caption":"Runarcana"},"image":{"@id":"https:\/\/runarcana.org\/#\/schema\/logo\/image\/"},"sameAs":["https:\/\/www.facebook.com\/groups\/runarcana","https:\/\/x.com\/runarcana","https:\/\/www.instagram.com\/runarcana","https:\/\/www.linkedin.com\/company\/43287180"]}]}},"uagb_featured_image_src":{"full":["https:\/\/runarcana.org\/wp-content\/uploads\/2021\/02\/sobre.png",1920,520,false],"thumbnail":["https:\/\/runarcana.org\/wp-content\/uploads\/2021\/02\/sobre-150x150.png",150,150,true],"medium":["https:\/\/runarcana.org\/wp-content\/uploads\/2021\/02\/sobre-300x81.png",300,81,true],"medium_large":["https:\/\/runarcana.org\/wp-content\/uploads\/2021\/02\/sobre-768x208.png",768,208,true],"large":["https:\/\/runarcana.org\/wp-content\/uploads\/2021\/02\/sobre-1024x277.png",1024,277,true],"1536x1536":["https:\/\/runarcana.org\/wp-content\/uploads\/2021\/02\/sobre.png",1536,416,false],"2048x2048":["https:\/\/runarcana.org\/wp-content\/uploads\/2021\/02\/sobre.png",1920,520,false],"trp-custom-language-flag":["https:\/\/runarcana.org\/wp-content\/uploads\/2021\/02\/sobre.png",18,5,false],"awb_sm":["https:\/\/runarcana.org\/wp-content\/uploads\/2021\/02\/sobre.png",500,135,false],"awb_md":["https:\/\/runarcana.org\/wp-content\/uploads\/2021\/02\/sobre.png",800,217,false],"awb_lg":["https:\/\/runarcana.org\/wp-content\/uploads\/2021\/02\/sobre.png",1280,347,false],"awb_xl":["https:\/\/runarcana.org\/wp-content\/uploads\/2021\/02\/sobre.png",1920,520,false]},"uagb_author_info":{"display_name":"Arddhu","author_link":"https:\/\/runarcana.org\/en\/author\/arddhu\/"},"uagb_comment_info":0,"uagb_excerpt":"Licenciado pela Riot Games Runarcana \u00e9 um produto criado por f\u00e3s, para f\u00e3s, seguindo a pol\u00edtica do \u201cLenga-Lenga Jur\u00eddico\u201d da Riot Games com recursos pertencentes \u00e0 Riot Games. A Riot Games n\u00e3o endossa ou patrocina este projeto.","coauthors":[],"author_meta":{"author_link":"https:\/\/runarcana.org\/en\/author\/arddhu\/","display_name":"Arddhu"},"relative_dates":{"created":"Posted 6 years ago","modified":"Updated 5 years ago"},"absolute_dates":{"created":"Posted on 12 de November de 2019","modified":"Updated on 28 de February de 2021"},"absolute_dates_time":{"created":"Posted on 12 de November de 2019 18:31","modified":"Updated on 28 de February de 2021 21:20"},"featured_img_caption":"","featured_img":"https:\/\/runarcana.org\/wp-content\/uploads\/2021\/02\/sobre.png","series_order":"","_links":{"self":[{"href":"https:\/\/runarcana.org\/en\/wp-json\/wp\/v2\/pages\/78","targetHints":{"allow":["GET"]}}],"collection":[{"href":"https:\/\/runarcana.org\/en\/wp-json\/wp\/v2\/pages"}],"about":[{"href":"https:\/\/runarcana.org\/en\/wp-json\/wp\/v2\/types\/page"}],"author":[{"embeddable":true,"href":"https:\/\/runarcana.org\/en\/wp-json\/wp\/v2\/users\/7"}],"replies":[{"embeddable":true,"href":"https:\/\/runarcana.org\/en\/wp-json\/wp\/v2\/comments?post=78"}],"version-history":[{"count":10,"href":"https:\/\/runarcana.org\/en\/wp-json\/wp\/v2\/pages\/78\/revisions"}],"predecessor-version":[{"id":26500,"href":"https:\/\/runarcana.org\/en\/wp-json\/wp\/v2\/pages\/78\/revisions\/26500"}],"wp:featuredmedia":[{"embeddable":true,"href":"https:\/\/runarcana.org\/en\/wp-json\/wp\/v2\/media\/26633"}],"wp:attachment":[{"href":"https:\/\/runarcana.org\/en\/wp-json\/wp\/v2\/media?parent=78"}],"curies":[{"name":"wp","href":"https:\/\/api.w.org\/{rel}","templated":true}]}}